{"id":3617,"date":"2019-06-27T13:20:26","date_gmt":"2019-06-27T13:20:26","guid":{"rendered":"https:\/\/nves.no\/staging\/?page_id=3617"},"modified":"2020-02-27T07:44:42","modified_gmt":"2020-02-27T07:44:42","slug":"pagaende-prosjekter","status":"publish","type":"page","link":"https:\/\/nves.no\/staging\/forskning-og-utvikling\/pagaende-prosjekter\/","title":{"rendered":"P\u00e5g\u00e5ende prosjekter"},"content":{"rendered":"<div id='hero-generic'  class='avia-section main_color avia-section-huge avia-no-shadow  avia-full-stretch av-section-color-overlay-active avia-bg-style-scroll  avia-builder-el-0  el_before_av_section  avia-builder-el-first   av-minimum-height av-minimum-height-50  container_wrap sidebar_right' style='background-repeat: no-repeat; background-image: url(https:\/\/nves.no\/staging\/wp-content\/uploads\/2019\/06\/hero-forskning-1.jpg);background-attachment: scroll; background-position: top center;  '  data-section-bg-repeat='stretch' data-av_minimum_height_pc='50'><div class='av-section-color-overlay-wrap'><div class='av-section-color-overlay' style='opacity: 0.4; background-color: #000000; '><\/div><div class='container' ><main  role=\"main\" itemprop=\"mainContentOfPage\"  class='template-page content  av-content-small alpha units'><div class='post-entry post-entry-type-page post-entry-3617'><div class='entry-content-wrapper clearfix'>\n\n<div  style=' margin-top:30px; margin-bottom:30px;'  class='hr hr-custom hr-center hr-icon-no   avia-builder-el-2  el_after_av_codeblock  el_before_av_buttonrow '><span class='hr-inner  inner-border-av-border-fat' style=' width:100px; border-color:#01b370;' ><span class='hr-inner-style'><\/span><\/span><\/div>\n<div  class='avia-buttonrow-wrap avia-buttonrow-center   avia-builder-el-3  el_after_av_hr  avia-builder-el-last  btn-green'>\n<a href='#gpatra'  class='avia-button av-icon-on-hover avia-color-theme-color  avia-icon_select-yes-right-icon avia-size-large '  style='margin-bottom:5px; margin-left:3px; margin-right:3px; ' ><span class='avia_iconbox_title' >G-PaTRA<\/span><span class='avia_button_icon avia_button_icon_right' aria-hidden='true' data-av_icon='\ue873' data-av_iconfont='entypo-fontello'><\/span><\/a>\n<\/div>\n<\/div><\/div><\/main><!-- close content main element --><\/div><\/div><\/div><div id='av_section_2'  class='avia-section main_color avia-section-large avia-no-border-styling  av-section-color-overlay-active avia-bg-style-scroll  avia-builder-el-4  el_after_av_section  el_before_av_section  bg-element  container_wrap sidebar_right' style='background-color: #01b370; background-repeat: no-repeat; background-image: url(https:\/\/nves.no\/staging\/wp-content\/uploads\/2019\/06\/element-bl-white.png);background-attachment: scroll; background-position: bottom left;  '  data-section-bg-repeat='no-repeat'><div class='av-section-color-overlay-wrap'><div class='av-section-color-overlay' style='opacity: 0.8; background-color: #01b370; '><\/div><div class='container' ><div class='template-page content  av-content-small alpha units'><div class='post-entry post-entry-type-page post-entry-3617'><div class='entry-content-wrapper clearfix'>\n<div class=\"flex_column av_one_full  av-animated-generic left-to-right  no_margin flex_column_div first  avia-builder-el-5  el_before_av_hr  avia-builder-el-first  \" style='padding:45px; border-radius:0px; '><section class=\"av_textblock_section \"  itemscope=\"itemscope\" itemtype=\"https:\/\/schema.org\/CreativeWork\" ><div class='avia_textblock  av_inherit_color '  style='color:#fff; '  itemprop=\"text\" ><p style=\"text-align: center;\">Vi tilbyr v\u00e5r oppdaterte kompetanse innen fornybar energi til de som vil utnytte lokal energi p\u00e5 en b\u00e6rekraftig m\u00e5te.<\/p>\n<p style=\"text-align: center;\">Vi tar p\u00e5 oss utviklingsprosjekt for kommuner, private, bedrifter og n\u00e6ringsliv. Det kan v\u00e6re beregninger av vindressursen i et spesifikt omr\u00e5de, utvikling av energin\u00f8ytrale energiforsyningskonsepter for industri uten tilknytting til kraftnett, eller mulighetsstudier for et lokalsamfunn.<\/p>\n<\/div><\/section><\/div>\n<\/p>\n<\/div><\/div><\/div><!-- close content main div --><\/div><\/div><\/div><div id='dokumenter'  class='avia-section main_color avia-section-default avia-no-border-styling  av-section-color-overlay-active avia-bg-style-scroll   container_wrap sidebar_right' style='background-color: #f6f6f6; background-repeat: no-repeat; background-image: url(https:\/\/nves.no\/staging\/wp-content\/uploads\/2019\/06\/br-element-green-200px.png);background-attachment: scroll; background-position: bottom right;  '  data-section-bg-repeat='no-repeat'><div class='av-section-color-overlay-wrap'><div class='av-section-color-overlay' style='opacity: 0.4; background-color: #ffffff; '><\/div><div class='container' ><div class='template-page content  av-content-small alpha units'><div class='post-entry post-entry-type-page post-entry-3617'><div class='entry-content-wrapper clearfix'>\n<div class='flex_column_table av-equal-height-column-flextable -flextable' ><div class=\"flex_column av_one_full  av-animated-generic right-to-left  no_margin flex_column_table_cell av-equal-height-column av-align-middle first  \" style='background: #ffffff; padding:30px; background-color:#ffffff; border-radius:0px; '><p><div  class='avia_search_element  '><form action='https:\/\/nves.no\/staging\/' id='searchform_element' method='get' class='' ><div class='av_searchform_wrapper' ><input type='text' value='' id='s' name='s' placeholder='S\u00f8k'  class='' \/><div class='av_searchsubmit_wrapper av-submit-hasicon' ><input type='submit' value='\ue803' id='searchsubmit' class='button av-submit-hasicon avia-font-entypo-fontello'  \/><img src='https:\/\/nves.no\/staging\/wp-content\/themes\/enfold\/images\/layout\/blank.png' \/><\/div><input type='hidden' name='numberposts' value='5' \/><input type='hidden' name='post_type[]' value='portfolio' \/><input type='hidden' name='results_hide_fields' value='meta' \/><\/div><\/form><\/div><br \/>\n<div  style='height:10px' class='hr hr-invisible  '><span class='hr-inner ' ><span class='hr-inner-style'><\/span><\/span><\/div><br \/>\n<div id='av-masonry-1' class='av-masonry  noHover av-fixed-size av-large-gap av-hover-overlay-active av-masonry-animation-active av-masonry-col-4 av-caption-always av-caption-style-    '  ><div class='av-masonry-sort main_color av-sort-yes' data-masonry-id='1' ><div class='av-sort-by-term  ' data-av-allowed-sort='[\"publikasjoner_sort\",\"studentoppgaver_sort\"]' ><a href=\"#\" data-filter=\"all_sort\" class=\"all_sort_button active_sort\"><span class=\"inner_sort_button\"><span>Alle<\/span><small class=\"avia-term-count\"> 12 <\/small><\/span><\/a><span class='text-sep andre_sort_sep avia_hide_sort'>\/<\/span><a href=\"#\" data-filter=\"andre_sort\" class=\"andre_sort_button avia_hide_sort\" ><span class=\"inner_sort_button\"><span>Andre forfattere<\/span><small class='avia-term-count'> 0 <\/small><\/span><\/a><span class='text-sep arsrapport_sort_sep avia_hide_sort'>\/<\/span><a href=\"#\" data-filter=\"arsrapport_sort\" class=\"arsrapport_sort_button avia_hide_sort\" ><span class=\"inner_sort_button\"><span>\u00c5rsrapporter<\/span><small class='avia-term-count'> 0 <\/small><\/span><\/a><span class='text-sep publikasjoner_sort_sep avia_show_sort'>\/<\/span><a href=\"#\" data-filter=\"publikasjoner_sort\" class=\"publikasjoner_sort_button avia_show_sort\" ><span class=\"inner_sort_button\"><span>Publikasjoner NVES<\/span><small class='avia-term-count'> 5 <\/small><\/span><\/a><span class='text-sep studentoppgaver_sort_sep avia_show_sort'>\/<\/span><a href=\"#\" data-filter=\"studentoppgaver_sort\" class=\"studentoppgaver_sort_button avia_show_sort\" ><span class=\"inner_sort_button\"><span>Studentoppgaver<\/span><small class='avia-term-count'> 7 <\/small><\/span><\/a><\/div><\/div><div class='av-masonry-container isotope av-js-disabled ' ><div class='av-masonry-entry isotope-item av-masonry-item-no-image all_sort studentoppgaver_sort  publikasjoner_sort '><\/div><a href=\"https:\/\/nves.no\/staging\/fou_innlegg\/mulighetsstudie-ombyggingav-fosna-orion\/\"  id='av-masonry-1-item-3893' data-av-masonry-item='3893' class='av-masonry-entry isotope-item post-3893 portfolio type-portfolio status-publish has-post-thumbnail hentry tag-abyss tag-fosna-orion tag-hvl tag-hydrogen portfolio_entries-studentoppgaver all_sort studentoppgaver_sort  av-masonry-item-with-image av-grid-img' title=\"bildehvl\"  itemscope=\"itemscope\" itemtype=\"https:\/\/schema.org\/CreativeWork\" ><div class='av-inner-masonry-sizer'><\/div><figure class='av-inner-masonry main_color'><div class=\"av-masonry-outerimage-container\"><div class=\"av-masonry-image-container\" style=\"background-image: url(https:\/\/nves.no\/staging\/wp-content\/uploads\/2020\/01\/bildehvl-705x497.png);\" title=\"bildehvl\" ><\/div><\/div><figcaption class='av-inner-masonry-content site-background'><div class='av-inner-masonry-content-pos'><div class='av-inner-masonry-content-pos-content'><div class='avia-arrow'><\/div><h3 class='av-masonry-entry-title entry-title '  itemprop=\"headline\" >Mulighetsstudie: Ombygging av Fosna Orion<\/h3><\/div><\/div><\/figcaption><\/figure><\/a><!--end av-masonry entry--><a href=\"https:\/\/nves.no\/staging\/fou_innlegg\/kan-gardsturbiner-gi-nyttige-energibidrag-til-betjente-dnt-hytter-uten-tilgang-til-nettet\/\"  id='av-masonry-1-item-3886' data-av-masonry-item='3886' class='av-masonry-entry isotope-item post-3886 portfolio type-portfolio status-publish has-post-thumbnail hentry tag-dnt tag-nmbu tag-portrait tag-vind portfolio_entries-studentoppgaver all_sort studentoppgaver_sort  av-masonry-item-with-image av-grid-img' title=\"semesteroppg\"  itemscope=\"itemscope\" itemtype=\"https:\/\/schema.org\/CreativeWork\" ><div class='av-inner-masonry-sizer'><\/div><figure class='av-inner-masonry main_color'><div class=\"av-masonry-outerimage-container\"><div class=\"av-masonry-image-container\" style=\"background-image: url(https:\/\/nves.no\/staging\/wp-content\/uploads\/2019\/11\/semesteroppg-705x618.png);\" title=\"semesteroppg\" ><\/div><\/div><figcaption class='av-inner-masonry-content site-background'><div class='av-inner-masonry-content-pos'><div class='av-inner-masonry-content-pos-content'><div class='avia-arrow'><\/div><h3 class='av-masonry-entry-title entry-title '  itemprop=\"headline\" >Kan g\u00e5rdsturbiner gi nyttige energibidrag til betjente DNT-hytter uten tilgang til nettet?<\/h3><\/div><\/div><\/figcaption><\/figure><\/a><!--end av-masonry entry--><a href=\"https:\/\/nves.no\/staging\/fou_innlegg\/vindtilhydrogen\/\"  id='av-masonry-1-item-3824' data-av-masonry-item='3824' class='av-masonry-entry isotope-item post-3824 portfolio type-portfolio status-publish has-post-thumbnail hentry tag-hydrogen tag-portrait tag-smola tag-vind portfolio_entries-publikasjoner all_sort publikasjoner_sort  av-masonry-item-with-image av-grid-img' title=\"hydrogentilvind\"  itemscope=\"itemscope\" itemtype=\"https:\/\/schema.org\/CreativeWork\" ><div class='av-inner-masonry-sizer'><\/div><figure class='av-inner-masonry main_color'><div class=\"av-masonry-outerimage-container\"><div class=\"av-masonry-image-container\" style=\"background-image: url(https:\/\/nves.no\/staging\/wp-content\/uploads\/2019\/07\/hydrogentilvind-705x547.png);\" title=\"hydrogentilvind\" ><\/div><\/div><figcaption class='av-inner-masonry-content site-background'><div class='av-inner-masonry-content-pos'><div class='av-inner-masonry-content-pos-content'><div class='avia-arrow'><\/div><h3 class='av-masonry-entry-title entry-title '  itemprop=\"headline\" >Vindkraft til hydrogen &#8211; Nye muligheter for Sm\u00f8la<\/h3><\/div><\/div><\/figcaption><\/figure><\/a><!--end av-masonry entry--><a href=\"https:\/\/nves.no\/staging\/fou_innlegg\/smaskalavindmr\/\"  id='av-masonry-1-item-3820' data-av-masonry-item='3820' class='av-masonry-entry isotope-item post-3820 portfolio type-portfolio status-publish has-post-thumbnail hentry tag-portrait tag-vind portfolio_entries-publikasjoner all_sort publikasjoner_sort  av-masonry-item-with-image av-grid-img' title=\"sm\u00e5skala\"  itemscope=\"itemscope\" itemtype=\"https:\/\/schema.org\/CreativeWork\" ><div class='av-inner-masonry-sizer'><\/div><figure class='av-inner-masonry main_color'><div class=\"av-masonry-outerimage-container\"><div class=\"av-masonry-image-container\" style=\"background-image: url(https:\/\/nves.no\/staging\/wp-content\/uploads\/2019\/07\/sm\u00e5skala-608x705.png);\" title=\"sm\u00e5skala\" ><\/div><\/div><figcaption class='av-inner-masonry-content site-background'><div class='av-inner-masonry-content-pos'><div class='av-inner-masonry-content-pos-content'><div class='avia-arrow'><\/div><h3 class='av-masonry-entry-title entry-title '  itemprop=\"headline\" >Sm\u00e5skala vindkraft i M\u00f8re og Romsdal<\/h3><\/div><\/div><\/figcaption><\/figure><\/a><!--end av-masonry entry--><a href=\"https:\/\/nves.no\/staging\/fou_innlegg\/hydrogen-raumabanen-2\/\"  id='av-masonry-1-item-3797' data-av-masonry-item='3797' class='av-masonry-entry isotope-item post-3797 portfolio type-portfolio status-publish has-post-thumbnail hentry tag-hydrogen tag-portrait portfolio_entries-publikasjoner all_sort publikasjoner_sort  av-masonry-item-with-image av-grid-img' title=\"hydrogentog\"  itemscope=\"itemscope\" itemtype=\"https:\/\/schema.org\/CreativeWork\" ><div class='av-inner-masonry-sizer'><\/div><figure class='av-inner-masonry main_color'><div class=\"av-masonry-outerimage-container\"><div class=\"av-masonry-image-container\" style=\"background-image: url(https:\/\/nves.no\/staging\/wp-content\/uploads\/2019\/07\/hydrogentog-705x623.png);\" title=\"hydrogentog\" ><\/div><\/div><figcaption class='av-inner-masonry-content site-background'><div class='av-inner-masonry-content-pos'><div class='av-inner-masonry-content-pos-content'><div class='avia-arrow'><\/div><h3 class='av-masonry-entry-title entry-title '  itemprop=\"headline\" >Hydrogen Raumabanen<\/h3><\/div><\/div><\/figcaption><\/figure><\/a><!--end av-masonry entry--><a href=\"https:\/\/nves.no\/staging\/fou_innlegg\/prosjektrapport-testsite-2018\/\"  id='av-masonry-1-item-3633' data-av-masonry-item='3633' class='av-masonry-entry isotope-item post-3633 portfolio type-portfolio status-publish has-post-thumbnail hentry tag-portrait portfolio_entries-publikasjoner all_sort publikasjoner_sort  av-masonry-item-with-image av-grid-img' title=\"Nasjonalt Vindenergisenter AS Prosjektrapport Testsite 2018\"  itemscope=\"itemscope\" itemtype=\"https:\/\/schema.org\/CreativeWork\" ><div class='av-inner-masonry-sizer'><\/div><figure class='av-inner-masonry main_color'><div class=\"av-masonry-outerimage-container\"><div class=\"av-masonry-image-container\" style=\"background-image: url(https:\/\/nves.no\/staging\/wp-content\/uploads\/2019\/06\/Prosjektrapport-Testsite-2018_Page_1-499x705.jpg);\" title=\"Nasjonalt Vindenergisenter AS Prosjektrapport Testsite 2018\" ><\/div><\/div><figcaption class='av-inner-masonry-content site-background'><div class='av-inner-masonry-content-pos'><div class='av-inner-masonry-content-pos-content'><div class='avia-arrow'><\/div><h3 class='av-masonry-entry-title entry-title '  itemprop=\"headline\" >Prosjektrapport Testsite 2018<\/h3><\/div><\/div><\/figcaption><\/figure><\/a><!--end av-masonry entry--><a href=\"https:\/\/nves.no\/staging\/fou_innlegg\/baerekraftig-verdikjede-hydrogen\/\"  id='av-masonry-1-item-3464' data-av-masonry-item='3464' class='av-masonry-entry isotope-item post-3464 portfolio type-portfolio status-publish has-post-thumbnail hentry tag-portrait portfolio_entries-publikasjoner all_sort publikasjoner_sort  av-masonry-item-with-image av-grid-img' title=\"NVES Rapport Verdikjede Hydrogen_Page_01\"  itemscope=\"itemscope\" itemtype=\"https:\/\/schema.org\/CreativeWork\" ><div class='av-inner-masonry-sizer'><\/div><figure class='av-inner-masonry main_color'><div class=\"av-masonry-outerimage-container\"><div class=\"av-masonry-image-container\" style=\"background-image: url(https:\/\/nves.no\/staging\/wp-content\/uploads\/2019\/06\/NVES-Rapport-Verdikjede-Hydrogen_Page_01-499x705.jpg);\" title=\"NVES Rapport Verdikjede Hydrogen_Page_01\" ><\/div><\/div><figcaption class='av-inner-masonry-content site-background'><div class='av-inner-masonry-content-pos'><div class='av-inner-masonry-content-pos-content'><div class='avia-arrow'><\/div><h3 class='av-masonry-entry-title entry-title '  itemprop=\"headline\" >B\u00e6rekraftig verdikjede Hydrogen<\/h3><\/div><\/div><\/figcaption><\/figure><\/a><!--end av-masonry entry--><a href=\"https:\/\/nves.no\/staging\/fou_innlegg\/hydrogenskipfiskeoppdrett\/\"  id='av-masonry-1-item-3835' data-av-masonry-item='3835' class='av-masonry-entry isotope-item post-3835 portfolio type-portfolio status-publish has-post-thumbnail hentry tag-bat tag-hydrogen tag-portrait portfolio_entries-studentoppgaver all_sort studentoppgaver_sort  av-masonry-item-with-image av-grid-img' title=\"Skjermbildet\"  itemscope=\"itemscope\" itemtype=\"https:\/\/schema.org\/CreativeWork\" ><div class='av-inner-masonry-sizer'><\/div><figure class='av-inner-masonry main_color'><div class=\"av-masonry-outerimage-container\"><div class=\"av-masonry-image-container\" style=\"background-image: url(https:\/\/nves.no\/staging\/wp-content\/uploads\/2019\/07\/Skjermbildet-705x658.png);\" title=\"Skjermbildet\" ><\/div><\/div><figcaption class='av-inner-masonry-content site-background'><div class='av-inner-masonry-content-pos'><div class='av-inner-masonry-content-pos-content'><div class='avia-arrow'><\/div><h3 class='av-masonry-entry-title entry-title '  itemprop=\"headline\" >Hydrogendrevet vedlikeholdsskip for den norske \ufb01skeoppdrettsindustrien<\/h3><\/div><\/div><\/figcaption><\/figure><\/a><!--end av-masonry entry--><a href=\"https:\/\/nves.no\/staging\/fou_innlegg\/utilization-of-stored-hydrogen-for-power-production-to-overcome-intermittency-from-wind-power\/\"  id='av-masonry-1-item-3694' data-av-masonry-item='3694' class='av-masonry-entry isotope-item post-3694 portfolio type-portfolio status-publish has-post-thumbnail hentry tag-portrait portfolio_entries-studentoppgaver all_sort studentoppgaver_sort  av-masonry-item-with-image av-grid-img' title=\"Master thesis Erling Alme_Page_01\"  itemscope=\"itemscope\" itemtype=\"https:\/\/schema.org\/CreativeWork\" ><div class='av-inner-masonry-sizer'><\/div><figure class='av-inner-masonry main_color'><div class=\"av-masonry-outerimage-container\"><div class=\"av-masonry-image-container\" style=\"background-image: url(https:\/\/nves.no\/staging\/wp-content\/uploads\/2019\/07\/Master-thesis-Erling-Alme_Page_01-498x705.jpg);\" title=\"Master thesis Erling Alme_Page_01\" ><\/div><\/div><figcaption class='av-inner-masonry-content site-background'><div class='av-inner-masonry-content-pos'><div class='av-inner-masonry-content-pos-content'><div class='avia-arrow'><\/div><h3 class='av-masonry-entry-title entry-title '  itemprop=\"headline\" >Utilization of stored hydrogen for power production to overcome intermittency from wind power<\/h3><\/div><\/div><\/figcaption><\/figure><\/a><!--end av-masonry entry--><a href=\"https:\/\/nves.no\/staging\/fou_innlegg\/smaskala-vindkraft-i-fiskeoppdrettsnaeringen-en-lonnsom-losning\/\"  id='av-masonry-1-item-3691' data-av-masonry-item='3691' class='av-masonry-entry isotope-item post-3691 portfolio type-portfolio status-publish has-post-thumbnail hentry tag-portrait portfolio_entries-studentoppgaver all_sort studentoppgaver_sort  av-masonry-item-with-image av-grid-img' title=\"Sm\u00e5skala vindkraft i fiskeoppdrettsn\u00e6ringen &#8211; en l\u00f8nnsom l\u00f8sning_ (2)_Page_01\"  itemscope=\"itemscope\" itemtype=\"https:\/\/schema.org\/CreativeWork\" ><div class='av-inner-masonry-sizer'><\/div><figure class='av-inner-masonry main_color'><div class=\"av-masonry-outerimage-container\"><div class=\"av-masonry-image-container\" style=\"background-image: url(https:\/\/nves.no\/staging\/wp-content\/uploads\/2019\/07\/Sm\u00e5skala-vindkraft-i-fiskeoppdrettsn\u00e6ringen-en-l\u00f8nnsom-l\u00f8sning_-2_Page_01-498x705.jpg);\" title=\"Sm\u00e5skala vindkraft i fiskeoppdrettsn\u00e6ringen &#8211; en l\u00f8nnsom l\u00f8sning_ (2)_Page_01\" ><\/div><\/div><figcaption class='av-inner-masonry-content site-background'><div class='av-inner-masonry-content-pos'><div class='av-inner-masonry-content-pos-content'><div class='avia-arrow'><\/div><h3 class='av-masonry-entry-title entry-title '  itemprop=\"headline\" >Sm\u00e5skala vindkraft i fiskeoppdrettsn\u00e6ringen \u2013 en l\u00f8nnsom l\u00f8sning?<\/h3><\/div><\/div><\/figcaption><\/figure><\/a><!--end av-masonry entry--><a href=\"https:\/\/nves.no\/staging\/fou_innlegg\/mulighetsstudie-for-bruk-av-vindenergi-for-stromforsyning-til-oppdrettsanlegg\/\"  id='av-masonry-1-item-3688' data-av-masonry-item='3688' class='av-masonry-entry isotope-item post-3688 portfolio type-portfolio status-publish has-post-thumbnail hentry tag-portrait portfolio_entries-studentoppgaver all_sort studentoppgaver_sort  av-masonry-item-with-image av-grid-img' title=\"Semesteroppgave_NMBU_Mekki_PegillHaugstad_Page_01\"  itemscope=\"itemscope\" itemtype=\"https:\/\/schema.org\/CreativeWork\" ><div class='av-inner-masonry-sizer'><\/div><figure class='av-inner-masonry main_color'><div class=\"av-masonry-outerimage-container\"><div class=\"av-masonry-image-container\" style=\"background-image: url(https:\/\/nves.no\/staging\/wp-content\/uploads\/2019\/07\/Semesteroppgave_NMBU_Mekki_PegillHaugstad_Page_01-545x705.jpg);\" title=\"Semesteroppgave_NMBU_Mekki_PegillHaugstad_Page_01\" ><\/div><\/div><figcaption class='av-inner-masonry-content site-background'><div class='av-inner-masonry-content-pos'><div class='av-inner-masonry-content-pos-content'><div class='avia-arrow'><\/div><h3 class='av-masonry-entry-title entry-title '  itemprop=\"headline\" >Mulighetsstudie for bruk av vindenergi for str\u00f8mforsyning til oppdrettsanlegg<\/h3><\/div><\/div><\/figcaption><\/figure><\/a><!--end av-masonry entry--><a href=\"https:\/\/nves.no\/staging\/fou_innlegg\/a-hybrid-wind-diesel-standalone-system-for-fish-farming-applications\/\"  id='av-masonry-1-item-3685' data-av-masonry-item='3685' class='av-masonry-entry isotope-item post-3685 portfolio type-portfolio status-publish has-post-thumbnail hentry tag-portrait portfolio_entries-studentoppgaver all_sort studentoppgaver_sort  av-masonry-item-with-image av-grid-img' title=\"Semesteroppgave Marius Holt NTNU_Page_001\"  itemscope=\"itemscope\" itemtype=\"https:\/\/schema.org\/CreativeWork\" ><div class='av-inner-masonry-sizer'><\/div><figure class='av-inner-masonry main_color'><div class=\"av-masonry-outerimage-container\"><div class=\"av-masonry-image-container\" style=\"background-image: url(https:\/\/nves.no\/staging\/wp-content\/uploads\/2019\/07\/Semesteroppgave-Marius-Holt-NTNU_Page_001-499x705.jpg);\" title=\"Semesteroppgave Marius Holt NTNU_Page_001\" ><\/div><\/div><figcaption class='av-inner-masonry-content site-background'><div class='av-inner-masonry-content-pos'><div class='av-inner-masonry-content-pos-content'><div class='avia-arrow'><\/div><h3 class='av-masonry-entry-title entry-title '  itemprop=\"headline\" >A hybrid wind-diesel standalone system for fish farming applications<\/h3><\/div><\/div><\/figcaption><\/figure><\/a><!--end av-masonry entry--><\/div><\/div><\/p><\/div><\/div><!--close column table wrapper. Autoclose: 1 -->\n<\/div><\/div><\/div><!-- close content main div --><\/div><\/div><\/div><div id='after_section_3'  class='main_color av_default_container_wrap container_wrap sidebar_right' style=' '  ><div class='container' ><div class='template-page content  av-content-small alpha units'><div class='post-entry post-entry-type-page post-entry-3617'><div class='entry-content-wrapper clearfix'>\n","protected":false},"excerpt":{"rendered":"","protected":false},"author":1,"featured_media":0,"parent":3243,"menu_order":0,"comment_status":"closed","ping_status":"closed","template":"","meta":{"_monsterinsights_skip_tracking":false,"_monsterinsights_sitenote_active":false,"_monsterinsights_sitenote_note":"","_monsterinsights_sitenote_category":0},"_links":{"self":[{"href":"https:\/\/nves.no\/staging\/wp-json\/wp\/v2\/pages\/3617"}],"collection":[{"href":"https:\/\/nves.no\/staging\/wp-json\/wp\/v2\/pages"}],"about":[{"href":"https:\/\/nves.no\/staging\/wp-json\/wp\/v2\/types\/page"}],"author":[{"embeddable":true,"href":"https:\/\/nves.no\/staging\/wp-json\/wp\/v2\/users\/1"}],"replies":[{"embeddable":true,"href":"https:\/\/nves.no\/staging\/wp-json\/wp\/v2\/comments?post=3617"}],"version-history":[{"count":1,"href":"https:\/\/nves.no\/staging\/wp-json\/wp\/v2\/pages\/3617\/revisions"}],"predecessor-version":[{"id":3619,"href":"https:\/\/nves.no\/staging\/wp-json\/wp\/v2\/pages\/3617\/revisions\/3619"}],"up":[{"embeddable":true,"href":"https:\/\/nves.no\/staging\/wp-json\/wp\/v2\/pages\/3243"}],"wp:attachment":[{"href":"https:\/\/nves.no\/staging\/wp-json\/wp\/v2\/media?parent=3617"}],"curies":[{"name":"wp","href":"https:\/\/api.w.org\/{rel}","templated":true}]}}