{"id":3852,"date":"2019-08-26T13:22:07","date_gmt":"2019-08-26T13:22:07","guid":{"rendered":"https:\/\/nves.no\/?page_id=3852"},"modified":"2019-08-29T11:02:46","modified_gmt":"2019-08-29T11:02:46","slug":"klimaspillet","status":"publish","type":"page","link":"https:\/\/nves.no\/staging\/klimaspillet\/","title":{"rendered":"Klimaspillet avdeling Sm\u00f8la"},"content":{"rendered":"<div id='hero-generic'  class='avia-section main_color avia-section-huge avia-no-shadow  avia-full-stretch av-section-color-overlay-active avia-bg-style-fixed  avia-builder-el-0  el_before_av_section  avia-builder-el-first   av-minimum-height av-minimum-height-50  container_wrap sidebar_right' style='background-repeat: no-repeat; background-image: url(https:\/\/nves.no\/staging\/wp-content\/uploads\/2019\/06\/hero-om.jpg);background-attachment: fixed; background-position: top center;  '  data-section-bg-repeat='stretch' data-av_minimum_height_pc='50'><div class='av-section-color-overlay-wrap'><div class='av-section-color-overlay' style='opacity: 0.4; background-color: #000000; '><\/div><div class='container' ><main  role=\"main\" itemprop=\"mainContentOfPage\"  class='template-page content  av-content-small alpha units'><div class='post-entry post-entry-type-page post-entry-3852'><div class='entry-content-wrapper clearfix'>\n\n<div  style=' margin-top:30px; margin-bottom:30px;'  class='hr hr-custom hr-center hr-icon-no   avia-builder-el-2  el_after_av_codeblock  avia-builder-el-last '><span class='hr-inner  inner-border-av-border-fat' style=' width:100px; border-color:#01b370;' ><span class='hr-inner-style'><\/span><\/span><\/div>\n<div  class='avia-buttonrow-wrap avia-buttonrow-center   btn-green'>\n<a href='#nves'  class='avia-button av-icon-on-hover avia-color-theme-color  avia-icon_select-yes-right-icon avia-size-large '  style='margin-bottom:5px; margin-left:3px; margin-right:3px; ' ><span class='avia_iconbox_title' >Om NVES<\/span><span class='avia_button_icon avia_button_icon_right' aria-hidden='true' data-av_icon='\ue873' data-av_iconfont='entypo-fontello'><\/span><\/a>\n<a href='#kart'  class='avia-button av-icon-on-hover avia-color-theme-color  avia-icon_select-yes-right-icon avia-size-large '  style='margin-bottom:5px; margin-left:3px; margin-right:3px; ' ><span class='avia_iconbox_title' >Lokasjon<\/span><span class='avia_button_icon avia_button_icon_right' aria-hidden='true' data-av_icon='\ue873' data-av_iconfont='entypo-fontello'><\/span><\/a>\n<a href='#ansatte'  class='avia-button av-icon-on-hover avia-color-theme-color  avia-icon_select-yes-right-icon avia-size-large '  style='margin-bottom:5px; margin-left:3px; margin-right:3px; ' ><span class='avia_iconbox_title' >Ansatte<\/span><span class='avia_button_icon avia_button_icon_right' aria-hidden='true' data-av_icon='\ue873' data-av_iconfont='entypo-fontello'><\/span><\/a>\n<a href='#eiere'  class='avia-button av-icon-on-hover avia-color-theme-color  avia-icon_select-yes-right-icon avia-size-large '  style='margin-bottom:5px; margin-left:3px; margin-right:3px; ' ><span class='avia_iconbox_title' >Eiere<\/span><span class='avia_button_icon avia_button_icon_right' aria-hidden='true' data-av_icon='\ue873' data-av_iconfont='entypo-fontello'><\/span><\/a>\n<\/div>\n\n<\/div><\/div><\/main><!-- close content main element --><\/div><\/div><\/div><div id='vindpark'  class='avia-section main_color avia-section-large avia-no-border-styling  av-section-color-overlay-active avia-bg-style-scroll  avia-builder-el-3  el_after_av_section  el_before_av_section  bg-element  container_wrap sidebar_right' style='background-color: #f6f6f6; background-repeat: no-repeat; background-image: url(https:\/\/nves.no\/staging\/wp-content\/uploads\/2019\/06\/element-bl-white.png);background-attachment: scroll; background-position: bottom left;  '  data-section-bg-repeat='no-repeat'><div class='av-section-color-overlay-wrap'><div class='av-section-color-overlay' style='opacity: 0.4; background-color: #f6f6f6; '><\/div><div class='container' ><div class='template-page content  av-content-small alpha units'><div class='post-entry post-entry-type-page post-entry-3852'><div class='entry-content-wrapper clearfix'>\n<div class='flex_column_table av-equal-height-column-flextable av-break-at-tablet-flextable' style='margin-top:0px; margin-bottom:0px; '><div class=\"flex_column av_one_full  av-animated-generic left-to-right  av-break-at-tablet flex_column_table_cell av-equal-height-column av-align-middle first  avia-builder-el-4  avia-builder-el-no-sibling  col-mobile-nopadding col-mobile-paddedtext \" style='background: #ffffff; padding:45px; background-color:#ffffff; border-radius:3px; '><p><div  style='padding-bottom:0px; ' class='av-special-heading av-special-heading-h2  blockquote modern-quote  '><h2 class='av-special-heading-tag '  itemprop=\"headline\"  >Om Nasjonalt Vindenergisenter<\/h2><div class='special-heading-border'><div class='special-heading-inner-border' ><\/div><\/div><\/div><br \/>\n<section class=\"av_textblock_section \"  itemscope=\"itemscope\" itemtype=\"https:\/\/schema.org\/CreativeWork\" ><div class='avia_textblock  av_inherit_color '  style='color:#333333; '  itemprop=\"text\" ><p><strong>Nasjonalt Vindenergisenter<\/strong> er lokalisert i Sm\u00f8la vindpark, og er ett av tre kompetansesentra for fornybar energi i M\u00f8re og Romsdal. De andre to er <span class=\"link-fa\"><a href=\"https:\/\/www.rundecentre.no\/prosjekt\/prosjekt-kompetansesenter-for-havenergi.htm\" target=\"_blank\" rel=\"noopener noreferrer\">Kompetansesenter for havenergi p\u00e5 Runde<\/a> <i class=\"fas fa-external-link-alt\"><\/i><\/span> og <span class=\"link-fa\"><a href=\"https:\/\/www.bioforsk.no\/ikbViewer\/page\/prosjekt\/hovedtema?p_dim2=23161&#038;p_sub_id=23160&#038;p_dimension_id=23159&#038;p_menu_id=23172\" target=\"_blank\" rel=\"noopener noreferrer\">Kompetansesenter for sol- og bioenergi i Tingvoll<\/a> <i class=\"fas fa-external-link-alt\"><\/i><\/span>.<\/p>\n<p>NVES har som m\u00e5lsetning \u00e5 \u00f8ke interessen og kompetansen om bruk av vindenergi i Norge gjennom formidling av kunnskap.<\/p>\n<p>Kontakt oss gjerne om du \u00f8nsker \u00e5 l\u00e6re mer om vindkraft og fornybar energi, eller rett og slett bare \u00f8nsker \u00e5 bes\u00f8ke Sm\u00f8la vindpark.<\/p>\n<\/div><\/section><br \/>\n<div  style=' margin-top:30px; margin-bottom:30px;'  class='hr hr-custom hr-center hr-icon-no  '><span class='hr-inner  inner-border-av-border-fat' style=' width:100px; border-color:#01b370;' ><span class='hr-inner-style'><\/span><\/span><\/div><br \/>\n<\/p><\/div><\/div><!--close column table wrapper. Autoclose: 1 -->\n\n<\/div><\/div><\/div><!-- close content main div --><\/div><\/div><\/div><div id='nves'  class='avia-section main_color avia-section-huge avia-no-border-styling  avia-full-stretch av-section-color-overlay-active avia-bg-style-fixed  avia-builder-el-6  el_after_av_section  el_before_av_section   container_wrap sidebar_right' style='background-color: #f4fafc; background-repeat: no-repeat; background-image: url(https:\/\/nves.no\/staging\/wp-content\/uploads\/2019\/06\/hero-om.jpg);background-attachment: fixed; background-position: center center;  '  data-section-bg-repeat='stretch'><div class='av-section-color-overlay-wrap'><div class='av-section-color-overlay' style='opacity: 0.3; background-color: #000000; '><\/div><div class='container' ><div class='template-page content  av-content-small alpha units'><div class='post-entry post-entry-type-page post-entry-3852'><div class='entry-content-wrapper clearfix'>\n<div class=\"flex_column av_one_full  no_margin flex_column_div avia-link-column av-column-link first  border-radius \" style='margin-top:0px; margin-bottom:0px; background: rgba(255,255,255,0.9); padding:45px 45px 0 45px ; background-color:rgba(255,255,255,0.9); border-radius:0px; ' data-link-column-url=\"#rapporter\" ><a class=\"av-screen-reader-only\" href=#rapporter >Follow a manual added link<\/a><div  style='padding-bottom:0px; ' class='av-special-heading av-special-heading-h2 custom-color-heading blockquote modern-quote  '><h2 class='av-special-heading-tag '  itemprop=\"headline\"  >Ansatte<span id=ansatte><\/span><\/h2><div class='special-heading-border'><div class='special-heading-inner-border' ><\/div><\/div><\/div><\/div><div class='flex_column_table av-equal-height-column-flextable -flextable' style='margin-top:0px; margin-bottom:0px; '><div class=\"flex_column av_one_fourth  no_margin flex_column_table_cell av-equal-height-column av-align-top first  \" style='background: rgba(255,255,255,0.9); padding:45px; background-color:rgba(255,255,255,0.9); border-radius:0px; '><section  class='avia-team-member  '  itemscope=\"itemscope\" itemtype=\"https:\/\/schema.org\/Person\" ><div class='team-img-container'><img width=\"600\" height=\"600\" class='wp-image-3816 avia-img-lazy-loading-not-3816 avia_image avia_image_team' src=\"https:\/\/nves.no\/staging\/wp-content\/uploads\/2019\/07\/ansatte-lovise-johanne-saeter.jpg\" alt='Lovise Johanne S\u00e6ter'  itemprop=\"image\" srcset=\"https:\/\/nves.no\/staging\/wp-content\/uploads\/2019\/07\/ansatte-lovise-johanne-saeter.jpg 600w, https:\/\/nves.no\/staging\/wp-content\/uploads\/2019\/07\/ansatte-lovise-johanne-saeter-80x80.jpg 80w, https:\/\/nves.no\/staging\/wp-content\/uploads\/2019\/07\/ansatte-lovise-johanne-saeter-300x300.jpg 300w, https:\/\/nves.no\/staging\/wp-content\/uploads\/2019\/07\/ansatte-lovise-johanne-saeter-36x36.jpg 36w, https:\/\/nves.no\/staging\/wp-content\/uploads\/2019\/07\/ansatte-lovise-johanne-saeter-180x180.jpg 180w, https:\/\/nves.no\/staging\/wp-content\/uploads\/2019\/07\/ansatte-lovise-johanne-saeter-120x120.jpg 120w, https:\/\/nves.no\/staging\/wp-content\/uploads\/2019\/07\/ansatte-lovise-johanne-saeter-450x450.jpg 450w\" sizes=\"(max-width: 600px) 100vw, 600px\" \/><div class='team-social'><div class='team-social-inner'><span class='hidden av_member_url_markup '  itemprop=\"url\" >tel:+4741322610<\/span><a rel='v:url' data-avia-tooltip=\"+47 41322610\"  class=' avia-team-icon ' href='tel:+4741322610' aria-hidden='true' data-av_icon='\ue854' data-av_iconfont='entypo-fontello'><\/a><span class='hidden av_member_url_markup '  itemprop=\"email\" >mailto:lovise@nves.no<\/span><a rel='v:url' data-avia-tooltip=\"lovise@nves.no\"  class=' avia-team-icon ' href='mailto:lovise@nves.no' aria-hidden='true' data-av_icon='\ue805' data-av_iconfont='entypo-fontello'><\/a><span class='hidden av_member_url_markup  linkedin'  itemprop=\"url\" >https:\/\/www.linkedin.com\/in\/lovise-johanne-s\u00e6ter-34b393132\/<\/span><a rel=\"v:url noopener\" data-avia-tooltip=\"Lovise p\u00e5 LinkedIn\" target='_blank' class=' linkedin avia-team-icon ' href='https:\/\/www.linkedin.com\/in\/lovise-johanne-s\u00e6ter-34b393132\/' aria-hidden='true' data-av_icon='\ue8fc' data-av_iconfont='entypo-fontello'><\/a><\/div><\/div><\/div><h3 class='team-member-name'    itemprop=\"name\" >Lovise Johanne S\u00e6ter<\/h3><div class='team-member-job-title '   itemprop=\"jobTitle\" >Prosjektleder<\/div><div class='team-member-description '  itemprop=\"description\"  ><p>Master i fornybar energi<\/p>\n<\/div><span class='hidden team-member-affiliation'  itemprop=\"affiliation\" >STAGING nves<\/span><\/section><\/div><\/div><!--close column table wrapper. Autoclose: 1 --><div class='flex_column_table av-equal-height-column-flextable -flextable' style='margin-top:0px; margin-bottom:0px; '><div class=\"flex_column av_one_fourth  no_margin flex_column_table_cell av-equal-height-column av-align-top   \" style='background: rgba(255,255,255,0.9); padding:45px; background-color:rgba(255,255,255,0.9); border-radius:0px; '><section  class='avia-team-member  '  itemscope=\"itemscope\" itemtype=\"https:\/\/schema.org\/Person\" ><div class='team-img-container'><img width=\"600\" height=\"600\" class='wp-image-3817 avia-img-lazy-loading-not-3817 avia_image avia_image_team' src=\"https:\/\/nves.no\/staging\/wp-content\/uploads\/2019\/07\/ansatte-kjersti-andersen.jpg\" alt='Kjersti Andersen'  itemprop=\"image\" srcset=\"https:\/\/nves.no\/staging\/wp-content\/uploads\/2019\/07\/ansatte-kjersti-andersen.jpg 600w, https:\/\/nves.no\/staging\/wp-content\/uploads\/2019\/07\/ansatte-kjersti-andersen-80x80.jpg 80w, https:\/\/nves.no\/staging\/wp-content\/uploads\/2019\/07\/ansatte-kjersti-andersen-300x300.jpg 300w, https:\/\/nves.no\/staging\/wp-content\/uploads\/2019\/07\/ansatte-kjersti-andersen-36x36.jpg 36w, https:\/\/nves.no\/staging\/wp-content\/uploads\/2019\/07\/ansatte-kjersti-andersen-180x180.jpg 180w, https:\/\/nves.no\/staging\/wp-content\/uploads\/2019\/07\/ansatte-kjersti-andersen-120x120.jpg 120w, https:\/\/nves.no\/staging\/wp-content\/uploads\/2019\/07\/ansatte-kjersti-andersen-450x450.jpg 450w\" sizes=\"(max-width: 600px) 100vw, 600px\" \/><div class='team-social'><div class='team-social-inner'><span class='hidden av_member_url_markup '  itemprop=\"url\" >tel:+4790145532<\/span><a rel='v:url' data-avia-tooltip=\"+47 90145532\"  class=' avia-team-icon ' href='tel:+4790145532' aria-hidden='true' data-av_icon='\ue854' data-av_iconfont='entypo-fontello'><\/a><span class='hidden av_member_url_markup '  itemprop=\"email\" >mailto:kjersti@nves.no<\/span><a rel='v:url' data-avia-tooltip=\"kjersti@nves.no\"  class=' avia-team-icon ' href='mailto:kjersti@nves.no' aria-hidden='true' data-av_icon='\ue805' data-av_iconfont='entypo-fontello'><\/a><span class='hidden av_member_url_markup  linkedin'  itemprop=\"url\" >https:\/\/www.linkedin.com\/in\/kjersti-andersen-35865336\/<\/span><a rel=\"v:url noopener\" data-avia-tooltip=\"Kjersti p\u00e5 LinkedIn\" target='_blank' class=' linkedin avia-team-icon ' href='https:\/\/www.linkedin.com\/in\/kjersti-andersen-35865336\/' aria-hidden='true' data-av_icon='\ue8fc' data-av_iconfont='entypo-fontello'><\/a><\/div><\/div><\/div><h3 class='team-member-name'    itemprop=\"name\" >Kjersti Andersen<\/h3><div class='team-member-job-title '   itemprop=\"jobTitle\" >Daglig leder<\/div><span class='hidden team-member-affiliation'  itemprop=\"affiliation\" >STAGING nves<\/span><\/section><\/div><\/div><!--close column table wrapper. Autoclose: 1 --><div class='flex_column_table av-equal-height-column-flextable -flextable' style='margin-top:0px; margin-bottom:0px; '><div class=\"flex_column av_one_fourth  no_margin flex_column_table_cell av-equal-height-column av-align-top   \" style='background: rgba(255,255,255,0.9); padding:45px; background-color:rgba(255,255,255,0.9); border-radius:0px; '><section  class='avia-team-member  '  itemscope=\"itemscope\" itemtype=\"https:\/\/schema.org\/Person\" ><div class='team-img-container'><img width=\"600\" height=\"600\" class='wp-image-3818 avia-img-lazy-loading-not-3818 avia_image avia_image_team' src=\"https:\/\/nves.no\/staging\/wp-content\/uploads\/2019\/07\/ansatte-terje-bach.jpg\" alt='Terje Bach'  itemprop=\"image\" srcset=\"https:\/\/nves.no\/staging\/wp-content\/uploads\/2019\/07\/ansatte-terje-bach.jpg 600w, https:\/\/nves.no\/staging\/wp-content\/uploads\/2019\/07\/ansatte-terje-bach-80x80.jpg 80w, https:\/\/nves.no\/staging\/wp-content\/uploads\/2019\/07\/ansatte-terje-bach-300x300.jpg 300w, https:\/\/nves.no\/staging\/wp-content\/uploads\/2019\/07\/ansatte-terje-bach-36x36.jpg 36w, https:\/\/nves.no\/staging\/wp-content\/uploads\/2019\/07\/ansatte-terje-bach-180x180.jpg 180w, https:\/\/nves.no\/staging\/wp-content\/uploads\/2019\/07\/ansatte-terje-bach-120x120.jpg 120w, https:\/\/nves.no\/staging\/wp-content\/uploads\/2019\/07\/ansatte-terje-bach-450x450.jpg 450w\" sizes=\"(max-width: 600px) 100vw, 600px\" \/><div class='team-social'><div class='team-social-inner'><span class='hidden av_member_url_markup '  itemprop=\"url\" >tel:+4748219100<\/span><a rel='v:url' data-avia-tooltip=\"+47 48219100\"  class=' avia-team-icon ' href='tel:+4748219100' aria-hidden='true' data-av_icon='\ue854' data-av_iconfont='entypo-fontello'><\/a><span class='hidden av_member_url_markup '  itemprop=\"email\" >mailto:terje@nves.no<\/span><a rel='v:url' data-avia-tooltip=\"terje@nves.no\"  class=' avia-team-icon ' href='mailto:terje@nves.no' aria-hidden='true' data-av_icon='\ue805' data-av_iconfont='entypo-fontello'><\/a><span class='hidden av_member_url_markup  linkedin'  itemprop=\"url\" >https:\/\/www.linkedin.com\/in\/terje-bach-4391092\/<\/span><a rel=\"v:url noopener\" data-avia-tooltip=\"Terje p\u00e5 LinkedIn\" target='_blank' class=' linkedin avia-team-icon ' href='https:\/\/www.linkedin.com\/in\/terje-bach-4391092\/' aria-hidden='true' data-av_icon='\ue8fc' data-av_iconfont='entypo-fontello'><\/a><\/div><\/div><\/div><h3 class='team-member-name'    itemprop=\"name\" >Terje Bach<\/h3><div class='team-member-job-title '   itemprop=\"jobTitle\" >Teknisk r\u00e5dgiver<\/div><span class='hidden team-member-affiliation'  itemprop=\"affiliation\" >STAGING nves<\/span><\/section><\/div><\/div><!--close column table wrapper. Autoclose: 1 --><div class='flex_column_table av-equal-height-column-flextable -flextable' style='margin-top:0px; margin-bottom:0px; '><div class=\"flex_column av_one_fourth  no_margin flex_column_table_cell av-equal-height-column av-align-top   \" style='background: rgba(255,255,255,0.9); padding:45px; background-color:rgba(255,255,255,0.9); border-radius:0px; '><\/div><\/div><!--close column table wrapper. Autoclose: 1 --><\/div><\/div><\/div><!-- close content main div --><\/div><\/div><\/div><div id='av_section_4'  class='avia-section main_color avia-section-large avia-no-border-styling  avia-full-contain av-section-color-overlay-active avia-bg-style-scroll   container_wrap sidebar_right' style='background-repeat: no-repeat; background-image: url(https:\/\/nves.no\/staging\/wp-content\/uploads\/2019\/06\/br-element-green-200px.png);background-attachment: scroll; background-position: bottom right;  '  data-section-bg-repeat='contain'><div class='av-section-color-overlay-wrap'><div class='av-section-color-overlay' style='opacity: 0.4; background-color: #ffffff; '><\/div><div class='container' ><div class='template-page content  av-content-small alpha units'><div class='post-entry post-entry-type-page post-entry-3852'><div class='entry-content-wrapper clearfix'>\n<div class=\"flex_column av_one_full  av-animated-generic left-to-right  no_margin flex_column_div avia-link-column av-column-link first  border-radius \" style='margin-top:0px; margin-bottom:0px; padding:45px; border-radius:0px; ' data-link-column-url=\"#rapporter\" ><a class=\"av-screen-reader-only\" href=#rapporter >Follow a manual added link<\/a><div   data-autoplay='false'  data-interval='5'  data-animation='slide'  class='avia-logo-element-container av-border-deactivate avia-logo-grid avia-content-slider avia-smallarrow-slider avia-content-grid-active noHover avia-content-slider1 avia-content-slider-odd  ' ><div class='avia-smallarrow-slider-heading  no-logo-slider-heading '><div class='new-special-heading'>&nbsp;<\/div><\/div><div class='avia-content-slider-inner'><div class='slide-entry-wrap' ><div data-avia-tooltip=\"Distribut\u00f8r i Norge for Britwind\" class='slide-entry flex_column no_margin post-entry slide-entry-overview slide-loop-1 slide-parity-odd  av_one_third first real-thumbnail'><a href='https:\/\/www.britwind.co.uk\/' data-rel='slide-1' class='slide-image' title='' target=\"_blank\" rel=\"noopener noreferrer\"><span class='av-partner-fake-img' style='padding-bottom:26.333333333333%; background-image:url(https:\/\/nves.no\/staging\/wp-content\/uploads\/2019\/06\/logos-britwind.png);'><\/span><\/a><\/div><div data-avia-tooltip=\"Medlem av Fornybarklyngen\" class='slide-entry flex_column no_margin post-entry slide-entry-overview slide-loop-2 slide-parity-even  av_one_third  real-thumbnail'><a href='https:\/\/fornybarklyngen.no\/en\/' data-rel='slide-1' class='slide-image' title='' target=\"_blank\" rel=\"noopener noreferrer\"><span class='av-partner-fake-img' style='padding-bottom:26.333333333333%; background-image:url(https:\/\/nves.no\/staging\/wp-content\/uploads\/2019\/06\/logos-fornybarklyngen.png);'><\/span><\/a><\/div><div data-avia-tooltip=\"Medlem av Ocean Hyway Cluster\" class='slide-entry flex_column no_margin post-entry slide-entry-overview slide-loop-3 slide-parity-odd  post-entry-last  av_one_third  real-thumbnail'><a href='https:\/\/www.hubforocean.no\/' data-rel='slide-1' class='slide-image' title='' target=\"_blank\" rel=\"noopener noreferrer\"><span class='av-partner-fake-img' style='padding-bottom:26.333333333333%; background-image:url(https:\/\/nves.no\/staging\/wp-content\/uploads\/2019\/06\/logos-arenaoceanhywaycluster.png);'><\/span><\/a><\/div><\/div><\/div><\/div><\/div>\n<\/div><\/div><\/div><!-- close content main div --><\/div><\/div><\/div><div id='after_section_4'  class='main_color av_default_container_wrap container_wrap sidebar_right' style=' '  ><div class='container' ><div class='template-page content  av-content-small alpha units'><div class='post-entry post-entry-type-page post-entry-3852'><div class='entry-content-wrapper clearfix'><\/p>\n<\/div><\/div><\/div><!-- close content main div --><\/div><\/div><div id='eiere'  class='avia-section main_color avia-section-large avia-no-border-styling  avia-bg-style-scroll   container_wrap sidebar_right' style='background-color: #f6f6f6;  '  ><div class='container' ><div class='template-page content  av-content-small alpha units'><div class='post-entry post-entry-type-page post-entry-3852'><div class='entry-content-wrapper clearfix'>\n<div class=\"flex_column av_one_full  av-animated-generic left-to-right  no_margin flex_column_div avia-link-column av-column-link first  border-radius \" style='margin-top:0px; margin-bottom:0px; background: #ffffff; padding:45px; background-color:#ffffff; border-radius:3px; ' data-link-column-url=\"#rapporter\" ><a class=\"av-screen-reader-only\" href=#rapporter >Follow a manual added link<\/a><p><div  style='padding-bottom:0px; font-size:26px;' class='av-special-heading av-special-heading-h3  blockquote modern-quote modern-centered  av-inherit-size '><h3 class='av-special-heading-tag '  itemprop=\"headline\"  >Eiere<\/h3><div class='special-heading-border'><div class='special-heading-inner-border' ><\/div><\/div><\/div><br \/>\n<div   data-autoplay='false'  data-interval='5'  data-animation='slide'  class='avia-logo-element-container av-border-deactivate avia-logo-grid avia-content-slider avia-smallarrow-slider avia-content-grid-active noHover avia-content-slider2 avia-content-slider-odd  ' ><div class='avia-smallarrow-slider-heading  no-logo-slider-heading '><div class='new-special-heading'>&nbsp;<\/div><\/div><div class='avia-content-slider-inner'><div class='slide-entry-wrap' ><div data-avia-tooltip=\"M\u00f8re og Romsdal fylkeskommune\" class='slide-entry flex_column no_margin post-entry slide-entry-overview slide-loop-1 slide-parity-odd  av_one_third first real-thumbnail'><span class='av-partner-fake-img' style='padding-bottom:27.931904161412%; background-image:url(https:\/\/nves.no\/staging\/wp-content\/uploads\/2019\/06\/logo-mor.png);'><\/span><\/div><div data-avia-tooltip=\"Nordm\u00f8re Energiverk AS (NEAS)\" class='slide-entry flex_column no_margin post-entry slide-entry-overview slide-loop-2 slide-parity-even  av_one_third  real-thumbnail'><span class='av-partner-fake-img' style='padding-bottom:27.931904161412%; background-image:url(https:\/\/nves.no\/staging\/wp-content\/uploads\/2019\/06\/logo-neas.png);'><\/span><\/div><div data-avia-tooltip=\"Sm\u00f8la kommune\" class='slide-entry flex_column no_margin post-entry slide-entry-overview slide-loop-3 slide-parity-odd  post-entry-last  av_one_third  real-thumbnail'><span class='av-partner-fake-img' style='padding-bottom:27.931904161412%; background-image:url(https:\/\/nves.no\/staging\/wp-content\/uploads\/2019\/06\/logo-smola.png);'><\/span><\/div><\/div><\/div><\/div><br \/>\n<div  style='padding-bottom:0px; ' class='av-special-heading av-special-heading-h4  blockquote modern-quote modern-centered  '><h4 class='av-special-heading-tag '  itemprop=\"headline\"  >Styret<\/h4><div class='special-heading-border'><div class='special-heading-inner-border' ><\/div><\/div><\/div><br \/>\n<section class=\"av_textblock_section \"  itemscope=\"itemscope\" itemtype=\"https:\/\/schema.org\/CreativeWork\" ><div class='avia_textblock  av_inherit_color '  style='color:#333333; '  itemprop=\"text\" ><p style=\"text-align: center;\"><strong>Roger Osen<\/strong>, styrets leder \u2013 Ordf\u00f8rer, Sm\u00f8la kommune<br \/>\n<strong>Knut Hansen<\/strong> \u2013 Adm. dir, NEAS<br \/>\n<strong>Bengt Endreseth<\/strong> \u2013 Leder, Energiregion M\u00f8re, M\u00f8re og Romsdal fylkeskommune<\/p>\n<\/div><\/section><\/p><\/div>\n<\/div><\/div><\/div><!-- close content main div --><\/div><\/div><div id='after_section_5'  class='main_color av_default_container_wrap container_wrap sidebar_right' style=' '  ><div class='container' ><div class='template-page content  av-content-small alpha units'><div class='post-entry post-entry-type-page post-entry-3852'><div class='entry-content-wrapper clearfix'>\n","protected":false},"excerpt":{"rendered":"","protected":false},"author":1,"featured_media":0,"parent":0,"menu_order":0,"comment_status":"closed","ping_status":"closed","template":"","meta":{"_monsterinsights_skip_tracking":false,"_monsterinsights_sitenote_active":false,"_monsterinsights_sitenote_note":"","_monsterinsights_sitenote_category":0},"_links":{"self":[{"href":"https:\/\/nves.no\/staging\/wp-json\/wp\/v2\/pages\/3852"}],"collection":[{"href":"https:\/\/nves.no\/staging\/wp-json\/wp\/v2\/pages"}],"about":[{"href":"https:\/\/nves.no\/staging\/wp-json\/wp\/v2\/types\/page"}],"author":[{"embeddable":true,"href":"https:\/\/nves.no\/staging\/wp-json\/wp\/v2\/users\/1"}],"replies":[{"embeddable":true,"href":"https:\/\/nves.no\/staging\/wp-json\/wp\/v2\/comments?post=3852"}],"version-history":[{"count":4,"href":"https:\/\/nves.no\/staging\/wp-json\/wp\/v2\/pages\/3852\/revisions"}],"predecessor-version":[{"id":3865,"href":"https:\/\/nves.no\/staging\/wp-json\/wp\/v2\/pages\/3852\/revisions\/3865"}],"wp:attachment":[{"href":"https:\/\/nves.no\/staging\/wp-json\/wp\/v2\/media?parent=3852"}],"curies":[{"name":"wp","href":"https:\/\/api.w.org\/{rel}","templated":true}]}}